{"id":472,"date":"2021-03-12T14:15:33","date_gmt":"2021-03-12T13:15:33","guid":{"rendered":"http:\/\/graphinity.uk\/?page_id=472"},"modified":"2021-03-16T17:59:44","modified_gmt":"2021-03-16T16:59:44","slug":"les-seances","status":"publish","type":"page","link":"http:\/\/graphinity.uk\/?page_id=472&lang=fr","title":{"rendered":"Les S\u00e9ances"},"content":{"rendered":"\t\t<div data-elementor-type=\"wp-page\" data-elementor-id=\"472\" class=\"elementor elementor-472\" data-elementor-settings=\"[]\">\n\t\t\t\t\t\t\t<div class=\"elementor-section-wrap\">\n\t\t\t\t\t\t\t<section class=\"elementor-section elementor-top-section elementor-element elementor-element-3d068ff0 elementor-section-height-min-height elementor-section-boxed elementor-section-height-default elementor-section-items-middle\" data-id=\"3d068ff0\" data-element_type=\"section\" data-settings=\"{&quot;background_background&quot;:&quot;classic&quot;}\">\n\t\t\t\t\t\t<div class=\"elementor-container elementor-column-gap-default\">\n\t\t\t\t\t<div class=\"elementor-column elementor-col-100 elementor-top-column elementor-element elementor-element-74561a4e\" data-id=\"74561a4e\" data-element_type=\"column\">\n\t\t\t<div class=\"elementor-widget-wrap\">\n\t\t\t\t\t\t\t\t\t<\/div>\n\t\t<\/div>\n\t\t\t\t\t\t\t<\/div>\n\t\t<\/section>\n\t\t\t\t<section class=\"elementor-section elementor-top-section elementor-element elementor-element-1ed0af64 elementor-section-boxed elementor-section-height-default elementor-section-height-default\" data-id=\"1ed0af64\" data-element_type=\"section\">\n\t\t\t\t\t\t<div class=\"elementor-container elementor-column-gap-default\">\n\t\t\t\t\t<div class=\"elementor-column elementor-col-100 elementor-top-column elementor-element elementor-element-43fe3ca2\" data-id=\"43fe3ca2\" data-element_type=\"column\" data-settings=\"{&quot;background_background&quot;:&quot;classic&quot;}\">\n\t\t\t<div class=\"elementor-widget-wrap elementor-element-populated\">\n\t\t\t\t\t\t\t\t<div class=\"elementor-element elementor-element-1e342550 elementor-widget elementor-widget-heading\" data-id=\"1e342550\" data-element_type=\"widget\" data-widget_type=\"heading.default\">\n\t\t\t\t<div class=\"elementor-widget-container\">\n\t\t\t<h2 class=\"elementor-heading-title elementor-size-default\">Les Sessions<\/h2>\t\t<\/div>\n\t\t\t\t<\/div>\n\t\t\t\t<div class=\"elementor-element elementor-element-c972dcc elementor-widget elementor-widget-text-editor\" data-id=\"c972dcc\" data-element_type=\"widget\" data-widget_type=\"text-editor.default\">\n\t\t\t\t<div class=\"elementor-widget-container\">\n\t\t\t\t\t<div class=\"elementor-text-editor elementor-clearfix\"><p class=\"p1\">Les s\u00e9ances sont\u00a0hebdomadaires\u00a0et durent 45 minutes. Le nombre de s\u00e9ances est variable en fonction de la probl\u00e9matique et des \u00e9ventuelles difficult\u00e9s associ\u00e9es (dyslexie, dysorthographie, trouble attentionnel&#8230;). Les s\u00e9ances sont adapt\u00e9es en fonction des difficult\u00e9s, de la personnalit\u00e9 et de l\u2019\u00e2ge. Chaque plan de r\u00e9\u00e9ducation est personnalis\u00e9.<span class=\"Apple-converted-space\">\u00a0<\/span><\/p><p class=\"p1\">Les exercices propos\u00e9s en s\u00e9ance sont ludiques, vari\u00e9s et p\u00e9dagogiques. Diff\u00e9rents outils et supports sont utilis\u00e9s afin de maintenir une concentration et de l\u2019int\u00e9r\u00eat. Ce sont des exercices de relaxation, de motricit\u00e9 fine et de graphisme avec toujours comme objectif la d\u00e9tente du geste, une stabilisation du geste et une bonne tenue du crayon. Afin de progresser plus vite, des petits exercices pourront \u00eatre r\u00e9alis\u00e9s \u00e0 la maison.<\/p><\/div>\n\t\t\t\t<\/div>\n\t\t\t\t<\/div>\n\t\t\t\t<div class=\"elementor-element elementor-element-75e81759 elementor-widget elementor-widget-heading\" data-id=\"75e81759\" data-element_type=\"widget\" data-widget_type=\"heading.default\">\n\t\t\t\t<div class=\"elementor-widget-container\">\n\t\t\t<h2 class=\"elementor-heading-title elementor-size-default\">La fin de la r\u00e9\u00e9ducation - OBJECTIFS ATTEINTS <\/h2>\t\t<\/div>\n\t\t\t\t<\/div>\n\t\t\t\t<div class=\"elementor-element elementor-element-6a737508 elementor-widget elementor-widget-text-editor\" data-id=\"6a737508\" data-element_type=\"widget\" data-widget_type=\"text-editor.default\">\n\t\t\t\t<div class=\"elementor-widget-container\">\n\t\t\t\t\t<div class=\"elementor-text-editor elementor-clearfix\"><p class=\"p1\">A la fin de la r\u00e9\u00e9ducation, les progr\u00e8s sont notables de la posture g\u00e9n\u00e9rale \u00e0 la tenue de crayon, dans son \u00e9criture (vitesse, r\u00e9gularit\u00e9, fluidit\u00e9, pression), de la strat\u00e9gie de copie \u00e0 la m\u00e9morisation du texte mais \u00e9galement en attention et en concentration ! Les objectifs sont atteints, la confiance gagn\u00e9e en graphisme, les s\u00e9ances prennent alors fin.<span class=\"Apple-converted-space\">\u00a0<\/span><\/p><\/div>\n\t\t\t\t<\/div>\n\t\t\t\t<\/div>\n\t\t\t\t\t<\/div>\n\t\t<\/div>\n\t\t\t\t\t\t\t<\/div>\n\t\t<\/section>\n\t\t\t\t\t\t<\/div>\n\t\t\t\t\t<\/div>\n\t\t","protected":false},"excerpt":{"rendered":"<p>Les Sessions Les s\u00e9ances sont\u00a0hebdomadaires\u00a0et durent 45 minutes. Le nombre de s\u00e9ances est variable en fonction de la probl\u00e9matique et des \u00e9ventuelles difficult\u00e9s associ\u00e9es (dyslexie, dysorthographie, trouble attentionnel&#8230;). Les s\u00e9ances sont adapt\u00e9es en fonction des difficult\u00e9s, de la personnalit\u00e9 et de l\u2019\u00e2ge. Chaque plan de r\u00e9\u00e9ducation est personnalis\u00e9.\u00a0 Les exercices propos\u00e9s en s\u00e9ance sont ludiques,&hellip;&nbsp;<a href=\"http:\/\/graphinity.uk\/?page_id=472&#038;lang=fr\" class=\"\" rel=\"bookmark\">Lire la suite &raquo;<span class=\"screen-reader-text\">Les S\u00e9ances<\/span><\/a><\/p>\n","protected":false},"author":1,"featured_media":0,"parent":0,"menu_order":0,"comment_status":"closed","ping_status":"closed","template":"page-templates\/template-pagebuilder-full-width.php","meta":{"neve_meta_sidebar":"full-width","neve_meta_container":"","neve_meta_enable_content_width":"on","neve_meta_content_width":100,"neve_meta_title_alignment":"","neve_meta_author_avatar":"","neve_post_elements_order":"","neve_meta_disable_header":"","neve_meta_disable_footer":"","neve_meta_disable_title":"on"},"yoast_head":"<!-- This site is optimized with the Yoast SEO plugin v15.9.2 - https:\/\/yoast.com\/wordpress\/plugins\/seo\/ -->\n<title>Les S\u00e9ances -<\/title>\n<meta name=\"description\" content=\"Les s\u00e9ances sont\u00a0hebdomadaires\u00a0et durent 45 minutes. Le nombre de s\u00e9ances est variable en fonction de la probl\u00e9matique et des \u00e9ventuelles difficult\u00e9s associ\u00e9es (dyslexie, dysorthographie, trouble attentionnel...). Les s\u00e9ances sont adapt\u00e9es en fonction des difficult\u00e9s, de la personnalit\u00e9 et de l\u2019\u00e2ge. Chaque plan de r\u00e9\u00e9ducation est personnalis\u00e9. Les exercices propos\u00e9s en s\u00e9ance sont ludiques, vari\u00e9s et p\u00e9dagogiques. Diff\u00e9rents outils et supports sont utilis\u00e9s afin de maintenir une concentration et de l\u2019int\u00e9r\u00eat. Ce sont des exercices de relaxation, de motricit\u00e9 fine et de graphisme avec toujours comme objectif la d\u00e9tente du geste, une stabilisation du geste et une bonne tenue du crayon. Afin de progresser plus vite, des petits exercices pourront \u00eatre r\u00e9alis\u00e9s \u00e0 la maison.\" \/>\n<meta name=\"robots\" content=\"index, follow, max-snippet:-1, max-image-preview:large, max-video-preview:-1\" \/>\n<link rel=\"canonical\" href=\"http:\/\/graphinity.uk\/?page_id=472&#038;lang=fr\" \/>\n<meta property=\"og:locale\" content=\"fr_FR\" \/>\n<meta property=\"og:type\" content=\"article\" \/>\n<meta property=\"og:title\" content=\"Les S\u00e9ances -\" \/>\n<meta property=\"og:description\" content=\"Les s\u00e9ances sont\u00a0hebdomadaires\u00a0et durent 45 minutes. Le nombre de s\u00e9ances est variable en fonction de la probl\u00e9matique et des \u00e9ventuelles difficult\u00e9s associ\u00e9es (dyslexie, dysorthographie, trouble attentionnel...). Les s\u00e9ances sont adapt\u00e9es en fonction des difficult\u00e9s, de la personnalit\u00e9 et de l\u2019\u00e2ge. Chaque plan de r\u00e9\u00e9ducation est personnalis\u00e9. Les exercices propos\u00e9s en s\u00e9ance sont ludiques, vari\u00e9s et p\u00e9dagogiques. Diff\u00e9rents outils et supports sont utilis\u00e9s afin de maintenir une concentration et de l\u2019int\u00e9r\u00eat. Ce sont des exercices de relaxation, de motricit\u00e9 fine et de graphisme avec toujours comme objectif la d\u00e9tente du geste, une stabilisation du geste et une bonne tenue du crayon. Afin de progresser plus vite, des petits exercices pourront \u00eatre r\u00e9alis\u00e9s \u00e0 la maison.\" \/>\n<meta property=\"og:url\" content=\"http:\/\/graphinity.uk\/?page_id=472&amp;lang=fr\" \/>\n<meta property=\"article:modified_time\" content=\"2021-03-16T16:59:44+00:00\" \/>\n<meta name=\"twitter:card\" content=\"summary_large_image\" \/>\n<meta name=\"twitter:label1\" content=\"Dur\u00e9e de lecture est.\">\n\t<meta name=\"twitter:data1\" content=\"1 minute\">\n<script type=\"application\/ld+json\" class=\"yoast-schema-graph\">{\"@context\":\"https:\/\/schema.org\",\"@graph\":[{\"@type\":\"WebSite\",\"@id\":\"https:\/\/graphinity.uk\/#website\",\"url\":\"https:\/\/graphinity.uk\/\",\"name\":\"\",\"description\":\"Graphoth\\u00e9rapie\",\"potentialAction\":[{\"@type\":\"SearchAction\",\"target\":\"https:\/\/graphinity.uk\/?s={search_term_string}\",\"query-input\":\"required name=search_term_string\"}],\"inLanguage\":\"fr-FR\"},{\"@type\":\"WebPage\",\"@id\":\"http:\/\/graphinity.uk\/?page_id=472&lang=fr#webpage\",\"url\":\"http:\/\/graphinity.uk\/?page_id=472&lang=fr\",\"name\":\"Les S\\u00e9ances -\",\"isPartOf\":{\"@id\":\"https:\/\/graphinity.uk\/#website\"},\"datePublished\":\"2021-03-12T13:15:33+00:00\",\"dateModified\":\"2021-03-16T16:59:44+00:00\",\"description\":\"Les s\\u00e9ances sont\\u00a0hebdomadaires\\u00a0et durent 45 minutes. Le nombre de s\\u00e9ances est variable en fonction de la probl\\u00e9matique et des \\u00e9ventuelles difficult\\u00e9s associ\\u00e9es (dyslexie, dysorthographie, trouble attentionnel...). Les s\\u00e9ances sont adapt\\u00e9es en fonction des difficult\\u00e9s, de la personnalit\\u00e9 et de l\\u2019\\u00e2ge. Chaque plan de r\\u00e9\\u00e9ducation est personnalis\\u00e9. Les exercices propos\\u00e9s en s\\u00e9ance sont ludiques, vari\\u00e9s et p\\u00e9dagogiques. Diff\\u00e9rents outils et supports sont utilis\\u00e9s afin de maintenir une concentration et de l\\u2019int\\u00e9r\\u00eat. Ce sont des exercices de relaxation, de motricit\\u00e9 fine et de graphisme avec toujours comme objectif la d\\u00e9tente du geste, une stabilisation du geste et une bonne tenue du crayon. Afin de progresser plus vite, des petits exercices pourront \\u00eatre r\\u00e9alis\\u00e9s \\u00e0 la maison.\",\"breadcrumb\":{\"@id\":\"http:\/\/graphinity.uk\/?page_id=472&lang=fr#breadcrumb\"},\"inLanguage\":\"fr-FR\",\"potentialAction\":[{\"@type\":\"ReadAction\",\"target\":[\"http:\/\/graphinity.uk\/?page_id=472&lang=fr\"]}]},{\"@type\":\"BreadcrumbList\",\"@id\":\"http:\/\/graphinity.uk\/?page_id=472&lang=fr#breadcrumb\",\"itemListElement\":[{\"@type\":\"ListItem\",\"position\":1,\"item\":{\"@type\":\"WebPage\",\"@id\":\"https:\/\/graphinity.uk\/\",\"url\":\"https:\/\/graphinity.uk\/\",\"name\":\"Accueil\"}},{\"@type\":\"ListItem\",\"position\":2,\"item\":{\"@type\":\"WebPage\",\"@id\":\"http:\/\/graphinity.uk\/?page_id=472&lang=fr\",\"url\":\"http:\/\/graphinity.uk\/?page_id=472&lang=fr\",\"name\":\"Les S\\u00e9ances\"}}]}]}<\/script>\n<!-- \/ Yoast SEO plugin. -->","_links":{"self":[{"href":"http:\/\/graphinity.uk\/index.php?rest_route=\/wp\/v2\/pages\/472"}],"collection":[{"href":"http:\/\/graphinity.uk\/index.php?rest_route=\/wp\/v2\/pages"}],"about":[{"href":"http:\/\/graphinity.uk\/index.php?rest_route=\/wp\/v2\/types\/page"}],"author":[{"embeddable":true,"href":"http:\/\/graphinity.uk\/index.php?rest_route=\/wp\/v2\/users\/1"}],"replies":[{"embeddable":true,"href":"http:\/\/graphinity.uk\/index.php?rest_route=%2Fwp%2Fv2%2Fcomments&post=472"}],"version-history":[{"count":23,"href":"http:\/\/graphinity.uk\/index.php?rest_route=\/wp\/v2\/pages\/472\/revisions"}],"predecessor-version":[{"id":667,"href":"http:\/\/graphinity.uk\/index.php?rest_route=\/wp\/v2\/pages\/472\/revisions\/667"}],"wp:attachment":[{"href":"http:\/\/graphinity.uk\/index.php?rest_route=%2Fwp%2Fv2%2Fmedia&parent=472"}],"curies":[{"name":"wp","href":"https:\/\/api.w.org\/{rel}","templated":true}]}}