{"id":492,"date":"2021-03-12T14:44:38","date_gmt":"2021-03-12T13:44:38","guid":{"rendered":"http:\/\/graphinity.uk\/?page_id=492"},"modified":"2021-03-16T17:37:49","modified_gmt":"2021-03-16T16:37:49","slug":"graphotherapie","status":"publish","type":"page","link":"http:\/\/graphinity.uk\/?page_id=492&lang=fr","title":{"rendered":"Graphoth\u00e9rapie"},"content":{"rendered":"\t\t<div data-elementor-type=\"wp-page\" data-elementor-id=\"492\" class=\"elementor elementor-492\" data-elementor-settings=\"[]\">\n\t\t\t\t\t\t\t<div class=\"elementor-section-wrap\">\n\t\t\t\t\t\t\t<section class=\"elementor-section elementor-top-section elementor-element elementor-element-4b30bc0b elementor-section-height-min-height elementor-section-boxed elementor-section-height-default elementor-section-items-middle\" data-id=\"4b30bc0b\" data-element_type=\"section\" data-settings=\"{&quot;background_background&quot;:&quot;slideshow&quot;,&quot;background_slideshow_gallery&quot;:[{&quot;id&quot;:145,&quot;url&quot;:&quot;http:\\\/\\\/graphinity.uk\\\/wp-content\\\/uploads\\\/2021\\\/03\\\/AdobeStock_139396468.jpg&quot;},{&quot;id&quot;:116,&quot;url&quot;:&quot;http:\\\/\\\/graphinity.uk\\\/wp-content\\\/uploads\\\/2021\\\/03\\\/AdobeStock_279398190-5.jpg&quot;},{&quot;id&quot;:310,&quot;url&quot;:&quot;http:\\\/\\\/graphinity.uk\\\/wp-content\\\/uploads\\\/2021\\\/03\\\/AdobeStock_367520000-1.jpg&quot;},{&quot;id&quot;:195,&quot;url&quot;:&quot;http:\\\/\\\/graphinity.uk\\\/wp-content\\\/uploads\\\/2021\\\/03\\\/AdobeStock_268684457.jpg&quot;}],&quot;background_slideshow_slide_transition&quot;:&quot;slide_left&quot;,&quot;background_slideshow_ken_burns&quot;:&quot;yes&quot;,&quot;background_slideshow_loop&quot;:&quot;yes&quot;,&quot;background_slideshow_slide_duration&quot;:5000,&quot;background_slideshow_transition_duration&quot;:500,&quot;background_slideshow_ken_burns_zoom_direction&quot;:&quot;in&quot;}\">\n\t\t\t\t\t\t<div class=\"elementor-container elementor-column-gap-default\">\n\t\t\t\t\t<div class=\"elementor-column elementor-col-100 elementor-top-column elementor-element elementor-element-188908dd\" data-id=\"188908dd\" data-element_type=\"column\">\n\t\t\t<div class=\"elementor-widget-wrap elementor-element-populated\">\n\t\t\t\t\t\t\t\t<div class=\"elementor-element elementor-element-c808525 elementor-widget elementor-widget-spacer\" data-id=\"c808525\" data-element_type=\"widget\" data-widget_type=\"spacer.default\">\n\t\t\t\t<div class=\"elementor-widget-container\">\n\t\t\t\t\t<div class=\"elementor-spacer\">\n\t\t\t<div class=\"elementor-spacer-inner\"><\/div>\n\t\t<\/div>\n\t\t\t\t<\/div>\n\t\t\t\t<\/div>\n\t\t\t\t<div class=\"elementor-element elementor-element-62bda79c elementor-widget elementor-widget-heading\" data-id=\"62bda79c\" data-element_type=\"widget\" data-widget_type=\"heading.default\">\n\t\t\t\t<div class=\"elementor-widget-container\">\n\t\t\t<h1 class=\"elementor-heading-title elementor-size-large\">La graphoth\u00e9rapie est la r\u00e9\u00e9ducation du geste d'\u00e9criture et le traitement de la dysgraphie.<\/h1>\t\t<\/div>\n\t\t\t\t<\/div>\n\t\t\t\t<div class=\"elementor-element elementor-element-5c0fed46 elementor-widget-divider--view-line elementor-widget elementor-widget-divider\" data-id=\"5c0fed46\" data-element_type=\"widget\" data-widget_type=\"divider.default\">\n\t\t\t\t<div class=\"elementor-widget-container\">\n\t\t\t\t\t<div class=\"elementor-divider\">\n\t\t\t<span class=\"elementor-divider-separator\">\n\t\t\t\t\t\t<\/span>\n\t\t<\/div>\n\t\t\t\t<\/div>\n\t\t\t\t<\/div>\n\t\t\t\t<div class=\"elementor-element elementor-element-11da2d02 elementor-widget elementor-widget-heading\" data-id=\"11da2d02\" data-element_type=\"widget\" data-widget_type=\"heading.default\">\n\t\t\t\t<div class=\"elementor-widget-container\">\n\t\t\t<p class=\"elementor-heading-title elementor-size-medium\">La consultation pour troubles de l\u2019\u00e9criture s\u2019adresse aux enfants, adolescents et adultes.<\/p>\t\t<\/div>\n\t\t\t\t<\/div>\n\t\t\t\t\t<\/div>\n\t\t<\/div>\n\t\t\t\t\t\t\t<\/div>\n\t\t<\/section>\n\t\t\t\t<section class=\"elementor-section elementor-top-section elementor-element elementor-element-4e9e3f65 elementor-section-boxed elementor-section-height-default elementor-section-height-default\" data-id=\"4e9e3f65\" data-element_type=\"section\" data-settings=\"{&quot;background_background&quot;:&quot;none&quot;}\">\n\t\t\t\t\t\t<div class=\"elementor-container elementor-column-gap-default\">\n\t\t\t\t\t<div class=\"elementor-column elementor-col-100 elementor-top-column elementor-element elementor-element-4e9fa59b\" data-id=\"4e9fa59b\" data-element_type=\"column\">\n\t\t\t<div class=\"elementor-widget-wrap elementor-element-populated\">\n\t\t\t\t\t\t\t\t<div class=\"elementor-element elementor-element-1660724 elementor-widget elementor-widget-text-editor\" data-id=\"1660724\" data-element_type=\"widget\" data-widget_type=\"text-editor.default\">\n\t\t\t\t<div class=\"elementor-widget-container\">\n\t\t\t\t\t<div class=\"elementor-text-editor elementor-clearfix\"><p class=\"p1\">La graphoth\u00e9rapie s\u2019adresse \u00e0 toute personne pr\u00e9sentant des difficult\u00e9s avec leur \u00e9criture manuscrite. Il n\u2019est jamais trop tard pour se r\u00e9concilier avec son \u00e9criture\u00a0!<\/p><\/div>\n\t\t\t\t<\/div>\n\t\t\t\t<\/div>\n\t\t\t\t\t<\/div>\n\t\t<\/div>\n\t\t\t\t\t\t\t<\/div>\n\t\t<\/section>\n\t\t\t\t<section class=\"elementor-section elementor-top-section elementor-element elementor-element-6cc5022c elementor-section-height-min-height elementor-section-content-space-around elementor-section-boxed elementor-section-height-default elementor-section-items-middle\" data-id=\"6cc5022c\" data-element_type=\"section\" data-settings=\"{&quot;background_background&quot;:&quot;classic&quot;}\">\n\t\t\t\t\t\t<div class=\"elementor-container elementor-column-gap-default\">\n\t\t\t\t\t<div class=\"elementor-column elementor-col-100 elementor-top-column elementor-element elementor-element-cd7d677\" data-id=\"cd7d677\" data-element_type=\"column\">\n\t\t\t<div class=\"elementor-widget-wrap elementor-element-populated\">\n\t\t\t\t\t\t\t\t<div class=\"elementor-element elementor-element-1d85875 elementor-widget elementor-widget-heading\" data-id=\"1d85875\" data-element_type=\"widget\" data-widget_type=\"heading.default\">\n\t\t\t\t<div class=\"elementor-widget-container\">\n\t\t\t<h2 class=\"elementor-heading-title elementor-size-default\">Les raisons de consulter peuvent \u00eatre multiples\u00a0: \n<\/h2>\t\t<\/div>\n\t\t\t\t<\/div>\n\t\t\t\t<section class=\"elementor-section elementor-inner-section elementor-element elementor-element-845766c elementor-section-boxed elementor-section-height-default elementor-section-height-default\" data-id=\"845766c\" data-element_type=\"section\">\n\t\t\t\t\t\t<div class=\"elementor-container elementor-column-gap-default\">\n\t\t\t\t\t<div class=\"elementor-column elementor-col-50 elementor-inner-column elementor-element elementor-element-623b9fa\" data-id=\"623b9fa\" data-element_type=\"column\">\n\t\t\t<div class=\"elementor-widget-wrap elementor-element-populated\">\n\t\t\t\t\t\t\t\t<div class=\"elementor-element elementor-element-eb4b662 elementor-widget elementor-widget-text-editor\" data-id=\"eb4b662\" data-element_type=\"widget\" data-widget_type=\"text-editor.default\">\n\t\t\t\t<div class=\"elementor-widget-container\">\n\t\t\t\t\t<div class=\"elementor-text-editor elementor-clearfix\"><ul class=\"ul1\"><li class=\"li1\">Une \u00e9criture illisible<\/li><li class=\"li1\">Une douleur aux doigts, main ou \u00e9paule<\/li><li class=\"li2\">Une crampe de l&rsquo;\u00e9crivain (appel\u00e9e dystonie de la main)<\/li><li class=\"li1\">Une \u00e9criture lente (non-automatisation du geste de l\u2019\u00e9criture)<\/li><li class=\"li1\">Un manque de soin, des cahiers mal tenus<\/li><li class=\"li1\">Une mauvaise tenue du stylo<\/li><li>Une angoisse ou refus d&rsquo;\u00e9crire<\/li><li>Des difficult\u00e9s suite \u00e0 un accident ou \u00e0 une maladie<\/li><\/ul><\/div>\n\t\t\t\t<\/div>\n\t\t\t\t<\/div>\n\t\t\t\t\t<\/div>\n\t\t<\/div>\n\t\t\t\t<div class=\"elementor-column elementor-col-50 elementor-inner-column elementor-element elementor-element-3d6a19b\" data-id=\"3d6a19b\" data-element_type=\"column\">\n\t\t\t<div class=\"elementor-widget-wrap elementor-element-populated\">\n\t\t\t\t\t\t\t\t<div class=\"elementor-element elementor-element-570f14f elementor-widget elementor-widget-text-editor\" data-id=\"570f14f\" data-element_type=\"widget\" data-widget_type=\"text-editor.default\">\n\t\t\t\t<div class=\"elementor-widget-container\">\n\t\t\t\t\t<div class=\"elementor-text-editor elementor-clearfix\"><ul class=\"ul1\"><li class=\"li1\">Des difficult\u00e9s \u00e0 trouver une bonne position, en particulier pour les gauchers<\/li><li class=\"li1\">Un passage de l&rsquo;\u00e9criture scripte (anglais) \u00e0 l&rsquo;\u00e9criture cursive (fran\u00e7ais)<\/li><li class=\"li2\">Des difficult\u00e9s d\u2019apprentissage de l\u2019\u00e9criture en cas de pr\u00e9cocit\u00e9 ou handicap : dans l&rsquo;appr\u00e9hension des lettres, de leur sens de trac\u00e9, de leurs proportions, de leur mode de liaison, etc.<\/li><\/ul><\/div>\n\t\t\t\t<\/div>\n\t\t\t\t<\/div>\n\t\t\t\t\t<\/div>\n\t\t<\/div>\n\t\t\t\t\t\t\t<\/div>\n\t\t<\/section>\n\t\t\t\t\t<\/div>\n\t\t<\/div>\n\t\t\t\t\t\t\t<\/div>\n\t\t<\/section>\n\t\t\t\t<section class=\"elementor-section elementor-top-section elementor-element elementor-element-d0d6ea7 elementor-section-boxed elementor-section-height-default elementor-section-height-default\" data-id=\"d0d6ea7\" data-element_type=\"section\">\n\t\t\t\t\t\t<div class=\"elementor-container elementor-column-gap-default\">\n\t\t\t\t\t<div class=\"elementor-column elementor-col-100 elementor-top-column elementor-element elementor-element-d939261\" data-id=\"d939261\" data-element_type=\"column\">\n\t\t\t<div class=\"elementor-widget-wrap elementor-element-populated\">\n\t\t\t\t\t\t\t\t<div class=\"elementor-element elementor-element-adea697 elementor-widget elementor-widget-spacer\" data-id=\"adea697\" data-element_type=\"widget\" data-widget_type=\"spacer.default\">\n\t\t\t\t<div class=\"elementor-widget-container\">\n\t\t\t\t\t<div class=\"elementor-spacer\">\n\t\t\t<div class=\"elementor-spacer-inner\"><\/div>\n\t\t<\/div>\n\t\t\t\t<\/div>\n\t\t\t\t<\/div>\n\t\t\t\t<div class=\"elementor-element elementor-element-8f757dc elementor-widget elementor-widget-heading\" data-id=\"8f757dc\" data-element_type=\"widget\" data-widget_type=\"heading.default\">\n\t\t\t\t<div class=\"elementor-widget-container\">\n\t\t\t<h2 class=\"elementor-heading-title elementor-size-default\">Objectif\n<\/h2>\t\t<\/div>\n\t\t\t\t<\/div>\n\t\t\t\t<div class=\"elementor-element elementor-element-b3c08f7 elementor-widget elementor-widget-text-editor\" data-id=\"b3c08f7\" data-element_type=\"widget\" data-widget_type=\"text-editor.default\">\n\t\t\t\t<div class=\"elementor-widget-container\">\n\t\t\t\t\t<div class=\"elementor-text-editor elementor-clearfix\"><p class=\"p1\">L\u2019objectif d\u2019une r\u00e9\u00e9ducation est de retrouver le plaisir d\u2019\u00e9crire, de lib\u00e9rer son \u00e9criture et ainsi retrouver confiance en soi.<\/p><p class=\"p1\">Une r\u00e9\u00e9ducation permet \u00e0 chacun d\u2019acqu\u00e9rir les gestes primordiaux, de mettre en place des automatismes n\u00e9cessaires \u00e0 une \u00e9criture lisible, fluide et sans douleur. Le comportement scolaire est \u00e9galement am\u00e9lior\u00e9.<\/p><\/div>\n\t\t\t\t<\/div>\n\t\t\t\t<\/div>\n\t\t\t\t<div class=\"elementor-element elementor-element-9a79c94 elementor-widget elementor-widget-spacer\" data-id=\"9a79c94\" data-element_type=\"widget\" data-widget_type=\"spacer.default\">\n\t\t\t\t<div class=\"elementor-widget-container\">\n\t\t\t\t\t<div class=\"elementor-spacer\">\n\t\t\t<div class=\"elementor-spacer-inner\"><\/div>\n\t\t<\/div>\n\t\t\t\t<\/div>\n\t\t\t\t<\/div>\n\t\t\t\t\t<\/div>\n\t\t<\/div>\n\t\t\t\t\t\t\t<\/div>\n\t\t<\/section>\n\t\t\t\t\t\t<\/div>\n\t\t\t\t\t<\/div>\n\t\t","protected":false},"excerpt":{"rendered":"<p>La graphoth\u00e9rapie est la r\u00e9\u00e9ducation du geste d&rsquo;\u00e9criture et le traitement de la dysgraphie. La consultation pour troubles de l\u2019\u00e9criture s\u2019adresse aux enfants, adolescents et adultes. La graphoth\u00e9rapie s\u2019adresse \u00e0 toute personne pr\u00e9sentant des difficult\u00e9s avec leur \u00e9criture manuscrite. Il n\u2019est jamais trop tard pour se r\u00e9concilier avec son \u00e9criture\u00a0! Les raisons de consulter peuvent&hellip;&nbsp;<a href=\"http:\/\/graphinity.uk\/?page_id=492&#038;lang=fr\" class=\"\" rel=\"bookmark\">Lire la suite &raquo;<span class=\"screen-reader-text\">Graphoth\u00e9rapie<\/span><\/a><\/p>\n","protected":false},"author":1,"featured_media":0,"parent":0,"menu_order":0,"comment_status":"closed","ping_status":"closed","template":"page-templates\/template-pagebuilder-full-width.php","meta":{"neve_meta_sidebar":"full-width","neve_meta_container":"","neve_meta_enable_content_width":"on","neve_meta_content_width":100,"neve_meta_title_alignment":"","neve_meta_author_avatar":"","neve_post_elements_order":"","neve_meta_disable_header":"","neve_meta_disable_footer":"","neve_meta_disable_title":"on"},"yoast_head":"<!-- This site is optimized with the Yoast SEO plugin v15.9.2 - https:\/\/yoast.com\/wordpress\/plugins\/seo\/ -->\n<title>Graphoth\u00e9rapie -<\/title>\n<meta name=\"description\" content=\"La graphoth\u00e9rapie est la r\u00e9\u00e9ducation du geste d&#039;\u00e9criture et le traitement de la dysgraphie. La consultation pour troubles de l\u2019\u00e9criture s\u2019adresse aux enfants, adolescents et adultes. La graphoth\u00e9rapie s\u2019adresse \u00e0 toute personne pr\u00e9sentant des difficult\u00e9s avec leur \u00e9criture manuscrite. Il n\u2019est jamais trop tard pour se r\u00e9concilier avec son \u00e9criture\u00a0! Les raisons de consulter peuvent \u00eatre multiples\u00a0: Une \u00e9criture illisibleUne douleur aux doigts, main ou \u00e9pauleUne crampe de l&#039;\u00e9crivain (appel\u00e9e dystonie de la main)Une \u00e9criture lente (non-automatisation du geste de l\u2019\u00e9criture)Un manque de soin, des cahiers mal tenusUne mauvaise tenue du styloUne angoisse ou refus d&#039;\u00e9crireDes difficult\u00e9s \u00e0 trouver une bonne position, en particulier pour les gauchersUn passage de l&#039;\u00e9criture scripte (anglais) \u00e0 l&#039;\u00e9criture cursive (fran\u00e7ais)Des difficult\u00e9s d\u2019apprentissage de l\u2019\u00e9criture en cas de pr\u00e9cocit\u00e9 ou handicap : dans l&#039;appr\u00e9hension des lettres, de leur sens de trac\u00e9, de leurs proportions, de leur mode de liaison, etc.Des difficult\u00e9s suite \u00e0 un accident ou \u00e0 une maladie\" \/>\n<meta name=\"robots\" content=\"index, follow, max-snippet:-1, max-image-preview:large, max-video-preview:-1\" \/>\n<link rel=\"canonical\" href=\"http:\/\/graphinity.uk\/?page_id=492&#038;lang=fr\" \/>\n<meta property=\"og:locale\" content=\"fr_FR\" \/>\n<meta property=\"og:type\" content=\"article\" \/>\n<meta property=\"og:title\" content=\"Graphoth\u00e9rapie -\" \/>\n<meta property=\"og:description\" content=\"La graphoth\u00e9rapie est la r\u00e9\u00e9ducation du geste d&#039;\u00e9criture et le traitement de la dysgraphie. La consultation pour troubles de l\u2019\u00e9criture s\u2019adresse aux enfants, adolescents et adultes. La graphoth\u00e9rapie s\u2019adresse \u00e0 toute personne pr\u00e9sentant des difficult\u00e9s avec leur \u00e9criture manuscrite. Il n\u2019est jamais trop tard pour se r\u00e9concilier avec son \u00e9criture\u00a0! Les raisons de consulter peuvent \u00eatre multiples\u00a0: Une \u00e9criture illisibleUne douleur aux doigts, main ou \u00e9pauleUne crampe de l&#039;\u00e9crivain (appel\u00e9e dystonie de la main)Une \u00e9criture lente (non-automatisation du geste de l\u2019\u00e9criture)Un manque de soin, des cahiers mal tenusUne mauvaise tenue du styloUne angoisse ou refus d&#039;\u00e9crireDes difficult\u00e9s \u00e0 trouver une bonne position, en particulier pour les gauchersUn passage de l&#039;\u00e9criture scripte (anglais) \u00e0 l&#039;\u00e9criture cursive (fran\u00e7ais)Des difficult\u00e9s d\u2019apprentissage de l\u2019\u00e9criture en cas de pr\u00e9cocit\u00e9 ou handicap : dans l&#039;appr\u00e9hension des lettres, de leur sens de trac\u00e9, de leurs proportions, de leur mode de liaison, etc.Des difficult\u00e9s suite \u00e0 un accident ou \u00e0 une maladie\" \/>\n<meta property=\"og:url\" content=\"http:\/\/graphinity.uk\/?page_id=492&amp;lang=fr\" \/>\n<meta property=\"article:modified_time\" content=\"2021-03-16T16:37:49+00:00\" \/>\n<meta name=\"twitter:card\" content=\"summary_large_image\" \/>\n<meta name=\"twitter:label1\" content=\"Dur\u00e9e de lecture est.\">\n\t<meta name=\"twitter:data1\" content=\"1 minute\">\n<script type=\"application\/ld+json\" class=\"yoast-schema-graph\">{\"@context\":\"https:\/\/schema.org\",\"@graph\":[{\"@type\":\"WebSite\",\"@id\":\"https:\/\/graphinity.uk\/#website\",\"url\":\"https:\/\/graphinity.uk\/\",\"name\":\"\",\"description\":\"Graphoth\\u00e9rapie\",\"potentialAction\":[{\"@type\":\"SearchAction\",\"target\":\"https:\/\/graphinity.uk\/?s={search_term_string}\",\"query-input\":\"required name=search_term_string\"}],\"inLanguage\":\"fr-FR\"},{\"@type\":\"WebPage\",\"@id\":\"http:\/\/graphinity.uk\/?page_id=492&lang=fr#webpage\",\"url\":\"http:\/\/graphinity.uk\/?page_id=492&lang=fr\",\"name\":\"Graphoth\\u00e9rapie -\",\"isPartOf\":{\"@id\":\"https:\/\/graphinity.uk\/#website\"},\"datePublished\":\"2021-03-12T13:44:38+00:00\",\"dateModified\":\"2021-03-16T16:37:49+00:00\",\"description\":\"La graphoth\\u00e9rapie est la r\\u00e9\\u00e9ducation du geste d'\\u00e9criture et le traitement de la dysgraphie. La consultation pour troubles de l\\u2019\\u00e9criture s\\u2019adresse aux enfants, adolescents et adultes. La graphoth\\u00e9rapie s\\u2019adresse \\u00e0 toute personne pr\\u00e9sentant des difficult\\u00e9s avec leur \\u00e9criture manuscrite. Il n\\u2019est jamais trop tard pour se r\\u00e9concilier avec son \\u00e9criture\\u00a0! Les raisons de consulter peuvent \\u00eatre multiples\\u00a0: Une \\u00e9criture illisibleUne douleur aux doigts, main ou \\u00e9pauleUne crampe de l'\\u00e9crivain (appel\\u00e9e dystonie de la main)Une \\u00e9criture lente (non-automatisation du geste de l\\u2019\\u00e9criture)Un manque de soin, des cahiers mal tenusUne mauvaise tenue du styloUne angoisse ou refus d'\\u00e9crireDes difficult\\u00e9s \\u00e0 trouver une bonne position, en particulier pour les gauchersUn passage de l'\\u00e9criture scripte (anglais) \\u00e0 l'\\u00e9criture cursive (fran\\u00e7ais)Des difficult\\u00e9s d\\u2019apprentissage de l\\u2019\\u00e9criture en cas de pr\\u00e9cocit\\u00e9 ou handicap : dans l'appr\\u00e9hension des lettres, de leur sens de trac\\u00e9, de leurs proportions, de leur mode de liaison, etc.Des difficult\\u00e9s suite \\u00e0 un accident ou \\u00e0 une maladie\",\"breadcrumb\":{\"@id\":\"http:\/\/graphinity.uk\/?page_id=492&lang=fr#breadcrumb\"},\"inLanguage\":\"fr-FR\",\"potentialAction\":[{\"@type\":\"ReadAction\",\"target\":[\"http:\/\/graphinity.uk\/?page_id=492&lang=fr\"]}]},{\"@type\":\"BreadcrumbList\",\"@id\":\"http:\/\/graphinity.uk\/?page_id=492&lang=fr#breadcrumb\",\"itemListElement\":[{\"@type\":\"ListItem\",\"position\":1,\"item\":{\"@type\":\"WebPage\",\"@id\":\"https:\/\/graphinity.uk\/\",\"url\":\"https:\/\/graphinity.uk\/\",\"name\":\"Accueil\"}},{\"@type\":\"ListItem\",\"position\":2,\"item\":{\"@type\":\"WebPage\",\"@id\":\"http:\/\/graphinity.uk\/?page_id=492&lang=fr\",\"url\":\"http:\/\/graphinity.uk\/?page_id=492&lang=fr\",\"name\":\"Graphoth\\u00e9rapie\"}}]}]}<\/script>\n<!-- \/ Yoast SEO plugin. -->","_links":{"self":[{"href":"http:\/\/graphinity.uk\/index.php?rest_route=\/wp\/v2\/pages\/492"}],"collection":[{"href":"http:\/\/graphinity.uk\/index.php?rest_route=\/wp\/v2\/pages"}],"about":[{"href":"http:\/\/graphinity.uk\/index.php?rest_route=\/wp\/v2\/types\/page"}],"author":[{"embeddable":true,"href":"http:\/\/graphinity.uk\/index.php?rest_route=\/wp\/v2\/users\/1"}],"replies":[{"embeddable":true,"href":"http:\/\/graphinity.uk\/index.php?rest_route=%2Fwp%2Fv2%2Fcomments&post=492"}],"version-history":[{"count":26,"href":"http:\/\/graphinity.uk\/index.php?rest_route=\/wp\/v2\/pages\/492\/revisions"}],"predecessor-version":[{"id":646,"href":"http:\/\/graphinity.uk\/index.php?rest_route=\/wp\/v2\/pages\/492\/revisions\/646"}],"wp:attachment":[{"href":"http:\/\/graphinity.uk\/index.php?rest_route=%2Fwp%2Fv2%2Fmedia&parent=492"}],"curies":[{"name":"wp","href":"https:\/\/api.w.org\/{rel}","templated":true}]}}